{"id":3,"date":"2024-05-16T11:15:11","date_gmt":"2024-05-16T09:15:11","guid":{"rendered":"https:\/\/eldomcieszyn.pl\/?page_id=3"},"modified":"2024-05-27T18:08:16","modified_gmt":"2024-05-27T16:08:16","slug":"polityka-prywatnosci","status":"publish","type":"page","link":"https:\/\/eldomcieszyn.pl\/index.php\/polityka-prywatnosci\/","title":{"rendered":"Polityka prywatno\u015bci"},"content":{"rendered":"\t\t<div data-elementor-type=\"wp-page\" data-elementor-id=\"3\" class=\"elementor elementor-3\" data-elementor-post-type=\"page\">\n\t\t\t\t<div class=\"elementor-element elementor-element-503f136 e-flex e-con-boxed e-con e-parent\" data-id=\"503f136\" data-element_type=\"container\">\n\t\t\t\t\t<div class=\"e-con-inner\">\n\t\t\t\t<div class=\"elementor-element elementor-element-6457da89 elementor-widget elementor-widget-text-editor\" data-id=\"6457da89\" data-element_type=\"widget\" data-widget_type=\"text-editor.default\">\n\t\t\t\t<div class=\"elementor-widget-container\">\n\t\t\t<style>\/*! elementor - v3.21.0 - 26-05-2024 *\/\n.elementor-widget-text-editor.elementor-drop-cap-view-stacked .elementor-drop-cap{background-color:#69727d;color:#fff}.elementor-widget-text-editor.elementor-drop-cap-view-framed .elementor-drop-cap{color:#69727d;border:3px solid;background-color:transparent}.elementor-widget-text-editor:not(.elementor-drop-cap-view-default) .elementor-drop-cap{margin-top:8px}.elementor-widget-text-editor:not(.elementor-drop-cap-view-default) .elementor-drop-cap-letter{width:1em;height:1em}.elementor-widget-text-editor .elementor-drop-cap{float:left;text-align:center;line-height:1;font-size:50px}.elementor-widget-text-editor .elementor-drop-cap-letter{display:inline-block}<\/style>\t\t\t\t<p><!-- wp:heading --><\/p>\n<h2>\n<p style=\"margin-block: 0px 0.9rem; font-size: 16px; font-weight: 300; margin-bottom: 10px; color: rgb(0, 0, 0); font-family: Lato, Arial, sans-serif;\"><span style=\"color: rgb(60, 60, 59);\"><span style=\"font-family: Arial, serif;\"><span style=\"font-size: large;\"><span style=\"font-weight: bold;\">\u00a7.1 Postanowienia Og\u00f3lne<\/span><\/span><\/span><\/span><\/p>\n<ol style=\"margin-block: 0px; border: 0px; outline: 0px; font-size: 16px; vertical-align: baseline; background-image: initial; background-position: initial; background-size: initial; background-repeat: initial; background-attachment: initial; background-origin: initial; background-clip: initial; color: rgb(122, 122, 122); font-family: Helvetica, sans-serif; font-weight: 300; margin-bottom: 10px;\">\n<li style=\"margin-block: 0px; border: 0px; outline: 0px; vertical-align: baseline; background: transparent;\">\n<p style=\"margin-block: 0px 0.9rem; margin-bottom: 10px;\"><span style=\"color: rgb(60, 60, 59); font-family: Lato, Arial, sans-serif;\"><span style=\"font-family: Arial, serif;\"><span style=\"font-size: large;\">Administratorem danych jest Eldom Cieszyn Klocek sp. j. z siedzib\u0105 w 43-400 Cieszyn, ul. Paw\u0142a Stalmacha 10A, wpisana do KRS<\/span><\/span><\/span><span style=\"background-color: var(--wp--preset--color--base);\"><span style=\"color: rgb(60, 60, 59); font-family: Arial, serif; font-size: large;\">0000088138,&nbsp;<\/span><\/span><span style=\"color: rgb(60, 60, 59); font-family: Arial, serif; font-size: large; font-weight: var( --e-global-typography-text-font-weight ); background-color: var(--wp--preset--color--base);\">NIP: 5480055698, REGON:&nbsp;<\/span><span style=\"background-color: var(--wp--preset--color--base);\"><span style=\"color: rgb(60, 60, 59); font-family: Arial, serif; font-size: large;\">070545469.<\/span><\/span><span style=\"background-color: var(--wp--preset--color--base); color: rgb(60, 60, 59); font-family: Arial, serif; font-size: large; font-weight: var( --e-global-typography-text-font-weight );\">&nbsp;<\/span><\/p>\n<\/li>\n<li style=\"margin-block: 0px; border: 0px; outline: 0px; vertical-align: baseline; background: transparent; color: rgb(0, 0, 0); font-family: Lato, Arial, sans-serif;\">\n<p style=\"margin-block: 0px 0.9rem; margin-bottom: 10px;\"><span style=\"color: rgb(60, 60, 59);\"><span style=\"font-family: Arial, serif;\"><span style=\"font-size: large;\">Ochrona danych odbywa si\u0119 zgodnie z wymogami powszechnie obowi\u0105zuj\u0105cych przepis\u00f3w prawa, a ich przechowywanie ma miejsce na zabezpieczonych serwerach.<\/span><\/span><\/span><\/p>\n<\/li>\n<li style=\"margin-block: 0px; border: 0px; outline: 0px; vertical-align: baseline; background: transparent; color: rgb(0, 0, 0); font-family: Lato, Arial, sans-serif;\">\n<p style=\"margin-block: 0px 0.9rem; margin-bottom: 10px;\"><span style=\"color: rgb(60, 60, 59);\"><span style=\"font-family: Arial, serif;\"><span style=\"font-size: large;\">Dla interpretacji termin\u00f3w stosuje si\u0119 s\u0142owniczek Regulaminu lub tak jak zosta\u0142o to opisane w Polityce Prywatno\u015bci (je\u017celi wynika to bezpo\u015brednio z opisu).<\/span><\/span><\/span><\/p>\n<\/li>\n<li style=\"margin-block: 0px; border: 0px; outline: 0px; vertical-align: baseline; background: transparent; color: rgb(0, 0, 0); font-family: Lato, Arial, sans-serif;\">\n<p style=\"margin-block: 0px 0.9rem; margin-bottom: 10px;\"><span style=\"color: rgb(60, 60, 59);\"><span style=\"font-family: Arial, serif;\"><span style=\"font-size: large;\">Na potrzeby lepszego odbioru Polityki Prywatno\u015bci termin \u201eU\u017cytkownik\u201d zast\u0105piony zosta\u0142 okre\u015bleniem \u201eTy\u201d, &nbsp;\u201eAdministrator\u201d \u2013 \u201eMy\u201d. Termin \u201eRODO\u201d oznacza Rozporz\u0105dzenie Parlamentu Europejskiego i Rady (UE) 2016\/679 z dnia 27 kwietnia 2016 r. w sprawie ochrony os\u00f3b fizycznych w zwi\u0105zku z przetwarzaniem danych osobowych i w sprawie swobodnego przep\u0142ywu takich danych oraz uchylenia dyrektywy 95\/46\/WE.<\/span><\/span><\/span><\/p>\n<\/li>\n<li style=\"margin-block: 0px; border: 0px; outline: 0px; vertical-align: baseline; background: transparent; color: rgb(0, 0, 0); font-family: Lato, Arial, sans-serif;\">\n<p style=\"margin-block: 0px 0.9rem; margin-bottom: 10px;\"><span style=\"color: rgb(60, 60, 59);\"><span style=\"font-family: Arial, serif;\"><span style=\"font-size: large;\">Szanujemy prawo do prywatno\u015bci i dbamy o bezpiecze\u0144stwo danych. W tym celu u\u017cywany jest m.in. bezpieczny protok\u00f3\u0142 szyfrowania komunikacji (SSL).<\/span><\/span><\/span><\/p>\n<\/li>\n<li style=\"margin-block: 0px; border: 0px; outline: 0px; vertical-align: baseline; background: transparent; color: rgb(0, 0, 0); font-family: Lato, Arial, sans-serif;\">\n<p style=\"margin-block: 0px 0.9rem; margin-bottom: 10px;\"><span style=\"color: rgb(60, 60, 59);\"><span style=\"font-family: Arial, serif;\"><span style=\"font-size: large;\">Dane osobowe podawane w formularzach kontaktowych s\u0105 traktowane jako poufne i nie s\u0105 widoczne dla os\u00f3b nieuprawnionych.<\/span><\/span><\/span><\/p>\n<\/li>\n<\/ol>\n<p style=\"margin-block: 0px 0.9rem; font-size: 16px; font-weight: 300; margin-bottom: 10px; color: rgb(0, 0, 0); font-family: Lato, Arial, sans-serif;\"><span style=\"color: rgb(60, 60, 59);\"><span style=\"font-family: Arial, serif;\"><span style=\"font-size: large;\"><span style=\"font-weight: bold;\">\u00a72. Administrator Danych<\/span><\/span><\/span><\/span><\/p>\n<ol start=\"7\" style=\"margin-block: 0px; border: 0px; outline: 0px; font-size: 16px; vertical-align: baseline; background-image: initial; background-position: initial; background-size: initial; background-repeat: initial; background-attachment: initial; background-origin: initial; background-clip: initial; font-weight: 300; margin-bottom: 10px; color: rgb(0, 0, 0); font-family: Lato, Arial, sans-serif;\">\n<li style=\"margin-block: 0px; border: 0px; outline: 0px; vertical-align: baseline; background: transparent;\">\n<p style=\"margin-block: 0px 0.9rem; margin-bottom: 10px;\"><span style=\"color: rgb(60, 60, 59);\"><span style=\"font-family: Arial, serif;\"><span style=\"font-size: large;\">Us\u0142ugodawca jest administratorem danych swoich klient\u00f3w. Oznacza to, \u017ce je\u015bli posiadasz Konto na naszej stronie, to przetwarzamy Twoje dane jak: imi\u0119, nazwisko, adres e-mail, numer telefonu, stanowisko, miejsce pracy, adres IP.<\/span><\/span><\/span><\/p>\n<\/li>\n<li style=\"margin-block: 0px; border: 0px; outline: 0px; vertical-align: baseline; background: transparent;\">\n<p style=\"margin-block: 0px 0.9rem; margin-bottom: 10px;\"><span style=\"color: rgb(60, 60, 59);\"><span style=\"font-family: Arial, serif;\"><span style=\"font-size: large;\">Us\u0142ugodawca jest tak\u017ce administratorem os\u00f3b zapisanych na newsletter oraz os\u00f3b korzystaj\u0105cych z formularza kontaktowego i formularza zapyta\u0144.<\/span><\/span><\/span><\/p>\n<\/li>\n<li style=\"margin-block: 0px; border: 0px; outline: 0px; vertical-align: baseline; background: transparent;\">\n<p style=\"margin-block: 0px 0.9rem; margin-bottom: 10px;\"><span style=\"color: rgb(60, 60, 59);\"><span style=\"font-family: Arial, serif;\"><span style=\"font-size: large;\">Dane osobowe przetwarzane s\u0105:<br>a. zgodnie z przepisami dotycz\u0105cymi ochrony danych osobowych,<br>b. zgodnie z wdro\u017con\u0105 Polityk\u0105 Prywatno\u015bci,<br>c. w zakresie i celu niezb\u0119dnym do nawi\u0105zania, ukszta\u0142towania tre\u015bci Umowy, zmiany b\u0105d\u017a jej rozwi\u0105zania oraz prawid\u0142owej realizacji Us\u0142ug \u015bwiadczonych drog\u0105 elektroniczn\u0105,<br>d. w zakresie i celu niezb\u0119dnym do wype\u0142nienia uzasadnionych interes\u00f3w (prawnie usprawiedliwionych cel\u00f3w), a przetwarzanie nie narusza praw i wolno\u015bci osoby, kt\u00f3rej dane dotycz\u0105: w zakresie i celu zgodnym ze zgod\u0105 wyra\u017con\u0105 przez Ciebie je\u015bli [przyk\u0142adowo] zapisa\u0142e\u015b si\u0119 na newsletter, w zakresie i celu zgodnym z wyra\u017con\u0105 przez Ciebie zgod\u0105&nbsp;je\u017celi [przyk\u0142adowo] u\u017cy\u0142e\u015b formularza kontaktowego lub formularza zapyta\u0144.<\/span><\/span><\/span><\/p>\n<\/li>\n<li style=\"margin-block: 0px; border: 0px; outline: 0px; vertical-align: baseline; background: transparent;\">\n<p style=\"margin-block: 0px 0.9rem; margin-bottom: 10px;\"><span style=\"color: rgb(60, 60, 59);\"><span style=\"font-family: Arial, serif;\"><span style=\"font-size: large;\">Ka\u017cda osoba, kt\u00f3rej dane dotycz\u0105 (je\u017celi jeste\u015bmy ich administratorem) ma prawo dost\u0119pu do danych, sprostowania, usuni\u0119cia lub ograniczenia przetwarzania, prawo sprzeciwu, prawo wniesienia skargi do organu nadzorczego.<\/span><\/span><\/span><\/p>\n<\/li>\n<li style=\"margin-block: 0px; border: 0px; outline: 0px; vertical-align: baseline; background: transparent;\">\n<p style=\"margin-block: 0px 0.9rem; margin-bottom: 10px;\"><span style=\"color: rgb(60, 60, 59);\"><span style=\"font-family: Arial, serif;\"><span style=\"font-size: large;\">Kontakt z osob\u0105 nadzoruj\u0105c\u0105 przetwarzanie danych osobowych w organizacji Us\u0142ugodawcy jest mo\u017cliwy drog\u0105&nbsp;elektroniczn\u0105 pod adresem e-mail: kontakt@eldomcieszyn.pl.<\/span><\/span><\/span><\/p>\n<\/li>\n<li style=\"margin-block: 0px; border: 0px; outline: 0px; vertical-align: baseline; background: transparent;\">\n<p style=\"margin-block: 0px 0.9rem; margin-bottom: 10px;\"><span style=\"color: rgb(60, 60, 59);\"><span style=\"font-family: Arial, serif;\"><span style=\"font-size: large;\">Zastrzegamy sobie prawo do przetwarzania Twoich danych po rozwi\u0105zaniu Umowy lub cofni\u0119ciu zgody tylko w zakresie na potrzeby dochodzenia ewentualnych roszcze\u0144 przed s\u0105dem lub je\u017celi przepisy krajowe albo unijne b\u0105d\u017a&nbsp;prawa mi\u0119dzynarodowego obliguj\u0105 nas do retencji danych.<\/span><\/span><\/span><\/p>\n<\/li>\n<li style=\"margin-block: 0px; border: 0px; outline: 0px; vertical-align: baseline; background: transparent;\">\n<p style=\"margin-block: 0px 0.9rem; margin-bottom: 10px;\"><span style=\"color: rgb(60, 60, 59);\"><span style=\"font-family: Arial, serif;\"><span style=\"font-size: large;\">Us\u0142ugodawca ma prawo udost\u0119pnia\u0107 dane osobowe U\u017cytkownika oraz innych jego danych podmiotom upowa\u017cnionym na podstawie w\u0142a\u015bciwych przepis\u00f3w prawa (np. organom \u015bcigania).<\/span><\/span><\/span><\/p>\n<\/li>\n<li style=\"margin-block: 0px; border: 0px; outline: 0px; vertical-align: baseline; background: transparent;\">\n<p style=\"margin-block: 0px 0.9rem; margin-bottom: 10px;\"><span style=\"color: rgb(60, 60, 59);\"><span style=\"font-family: Arial, serif;\"><span style=\"font-size: large;\">Usuni\u0119cie danych osobowych mo\u017ce nast\u0105pi\u0107 na skutek cofni\u0119cia zgody b\u0105d\u017a wniesienia prawnie dopuszczalnego sprzeciwu na przetwarzanie danych osobowych.<\/span><\/span><\/span><\/p>\n<\/li>\n<li style=\"margin-block: 0px; border: 0px; outline: 0px; vertical-align: baseline; background: transparent;\">\n<p style=\"margin-block: 0px 0.9rem; margin-bottom: 10px;\"><span style=\"color: rgb(60, 60, 59);\"><span style=\"font-family: Arial, serif;\"><span style=\"font-size: large;\">Us\u0142ugodawca nie udost\u0119pniania danych osobowych innym podmiotom ani\u017celi upowa\u017cnionym na podstawie w\u0142a\u015bciwych przepis\u00f3w prawa.<\/span><\/span><\/span><\/p>\n<\/li>\n<li style=\"margin-block: 0px; border: 0px; outline: 0px; vertical-align: baseline; background: transparent;\">\n<p style=\"margin-block: 0px 0.9rem; margin-bottom: 10px;\"><span style=\"color: rgb(60, 60, 59);\"><span style=\"font-family: Arial, serif;\"><span style=\"font-size: large;\">Us\u0142ugodawca zapewnia aktualne standardy zabezpiecze\u0144 celem zminimalizowania skutk\u00f3w ewentualnego naruszenia bezpiecze\u0144stwa danych.<\/span><\/span><\/span><\/p>\n<\/li>\n<li style=\"margin-block: 0px; border: 0px; outline: 0px; vertical-align: baseline; background: transparent;\">\n<p style=\"margin-block: 0px 0.9rem; margin-bottom: 10px;\"><span style=\"color: rgb(60, 60, 59);\"><span style=\"font-family: Arial, serif;\"><span style=\"font-size: large;\">Dane osobowe przetwarzaj\u0105 osoby wy\u0142\u0105cznie upowa\u017cnione przez nas albo przetwarzaj\u0105cy, z kt\u00f3rymi \u015bci\u015ble wsp\u00f3\u0142pracujemy.<\/span><\/span><\/span><\/p>\n<\/li>\n<\/ol>\n<p style=\"margin-block: 0px 0.9rem; font-size: 16px; font-weight: 300; margin-bottom: 10px; color: rgb(0, 0, 0); font-family: Lato, Arial, sans-serif;\"><span style=\"color: rgb(60, 60, 59);\"><span style=\"font-family: Arial, serif;\"><span style=\"font-size: large;\"><span style=\"font-weight: bold;\">\u00a73. Pliki cookies<\/span><\/span><\/span><\/span><\/p>\n<p style=\"margin-block: 0px 0.9rem; font-size: 16px; font-weight: 300; margin-bottom: 10px; color: rgb(0, 0, 0); font-family: Lato, Arial, sans-serif;\"><span style=\"color: rgb(60, 60, 59);\"><span style=\"font-family: Arial, serif;\"><span style=\"font-size: large;\">17. Witryna&nbsp;<\/span><\/span><\/span><span style=\"color: rgb(60, 60, 59);\"><span style=\"font-family: Arial, serif;\"><span style=\"font-size: large;\"><span style=\"font-weight: bold;\">https:\/\/eldomcieszyn.pl<\/span><\/span><\/span><\/span><span style=\"color: rgb(60, 60, 59);\"><span style=\"font-family: Arial, serif;\"><span style=\"font-size: large;\">&nbsp;u\u017cywa plik\u00f3w cookies. S\u0105 to niewielkie pliki tekstowe wysy\u0142ane przez serwer www i przechowywane przez oprogramowanie komputera przegl\u0105darki. Kiedy przegl\u0105darka ponownie po\u0142\u0105czy si\u0119 ze stron\u0105, witryna rozpoznaje rodzaj urz\u0105dzenia, z kt\u00f3rego \u0142\u0105czy si\u0119 u\u017cytkownik. Parametry pozwalaj\u0105 na odczytanie informacji w nich zawartych jedynie serwerowi, kt\u00f3ry je utworzy\u0142. Cookies u\u0142atwiaj\u0105 wi\u0119c korzystanie z wcze\u015bniej odwiedzonych witryn.<\/span><\/span><\/span><\/p>\n<p style=\"margin-block: 0px 0.9rem; font-size: 16px; font-weight: 300; margin-bottom: 10px; color: rgb(0, 0, 0); font-family: Lato, Arial, sans-serif;\"><span style=\"color: rgb(60, 60, 59);\"><span style=\"font-family: Arial, serif;\"><span style=\"font-size: large;\">Gromadzone informacje dotycz\u0105 adresu IP, typu wykorzystywanej przegl\u0105darki, j\u0119zyka, rodzaju systemu operacyjnego, dostawcy us\u0142ug internetowych, informacji o czasie i dacie, lokalizacji oraz informacji przesy\u0142anych do witryny za po\u015brednictwem formularza kontaktowego.<\/span><\/span><\/span><\/p>\n<p style=\"margin-block: 0px 0.9rem; font-size: 16px; font-weight: 300; margin-bottom: 10px; color: rgb(0, 0, 0); font-family: Lato, Arial, sans-serif;\"><span style=\"color: rgb(60, 60, 59);\"><span style=\"font-family: Arial, serif;\"><span style=\"font-size: large;\">18. Zebrane dane s\u0142u\u017c\u0105 do monitorowania i sprawdzenia, w jaki spos\u00f3b u\u017cytkownicy korzystaj\u0105 z naszych witryn, aby usprawnia\u0107 funkcjonowanie serwisu zapewniaj\u0105c bardziej efektywn\u0105 i bezproblemow\u0105 nawigacj\u0119. Monitorowania informacji o u\u017cytkownikach dokonujemy korzystaj\u0105c z narz\u0119dzia Google Analitics, kt\u00f3re rejestruje zachowanie u\u017cytkownika na stronie.<\/span><\/span><\/span><\/p>\n<p style=\"margin-block: 0px 0.9rem; font-size: 16px; font-weight: 300; margin-bottom: 10px; color: rgb(0, 0, 0); font-family: Lato, Arial, sans-serif;\"><span style=\"color: rgb(60, 60, 59);\"><span style=\"font-family: Arial, serif;\"><span style=\"font-size: large;\">Cookies identyfikuje u\u017cytkownika, co pozwala na dopasowanie tre\u015bci witryny, z kt\u00f3rej korzysta, do jego potrzeb. Zapami\u0119tuj\u0105c jego preferencje, umo\u017cliwia odpowiednie dopasowanie skierowanych do niego reklam. Stosujemy pliki cookies, aby zagwarantowa\u0107 najwy\u017cszy standard wygody naszego serwisu, a zebrane dane s\u0105 wykorzystywane jedynie wewn\u0105trz firmy Agencja Digitalowa.pl sp. z o.o. w celu optymalizacji dzia\u0142a\u0144.<\/span><\/span><\/span><\/p>\n<p style=\"margin-block: 0px 0.9rem; font-size: 16px; font-weight: 300; margin-bottom: 10px; color: rgb(0, 0, 0); font-family: Lato, Arial, sans-serif;\"><span style=\"color: rgb(60, 60, 59);\"><span style=\"font-family: Arial, serif;\"><span style=\"font-size: large;\">19. &nbsp;Na naszej witrynie wykorzystujemy nast\u0119puj\u0105ce pliki cookies:<\/span><\/span><\/span><\/p>\n<p style=\"margin-block: 0px 0.9rem; font-size: 16px; font-weight: 300; margin-bottom: 10px; color: rgb(0, 0, 0); font-family: Lato, Arial, sans-serif;\"><span style=\"color: rgb(60, 60, 59);\"><span style=\"font-family: Arial, serif;\"><span style=\"font-size: large;\">a) \u201eniezb\u0119dne\u201d pliki cookies, umo\u017cliwiaj\u0105ce korzystanie z us\u0142ug dost\u0119pnych w ramach serwisu, np. uwierzytelniaj\u0105ce pliki cookies wykorzystywane do us\u0142ug wymagaj\u0105cych uwierzytelniania w ramach serwisu;<\/span><\/span><\/span><\/p>\n<p style=\"margin-block: 0px 0.9rem; font-size: 16px; font-weight: 300; margin-bottom: 10px; color: rgb(0, 0, 0); font-family: Lato, Arial, sans-serif;\"><span style=\"color: rgb(60, 60, 59);\"><span style=\"font-family: Arial, serif;\"><span style=\"font-size: large;\">b) pliki cookies s\u0142u\u017c\u0105ce do zapewnienia bezpiecze\u0144stwa, np. wykorzystywane do wykrywania nadu\u017cy\u0107 w zakresie uwierzytelniania w ramach serwisu;<\/span><\/span><\/span><\/p>\n<p style=\"margin-block: 0px 0.9rem; font-size: 16px; font-weight: 300; margin-bottom: 10px; color: rgb(0, 0, 0); font-family: Lato, Arial, sans-serif;\"><span style=\"color: rgb(60, 60, 59);\"><span style=\"font-family: Arial, serif;\"><span style=\"font-size: large;\">c) \u201ewydajno\u015bciowe\u201d pliki cookies, umo\u017cliwiaj\u0105ce zbieranie informacji o sposobie korzystania ze stron internetowych serwisu;<\/span><\/span><\/span><\/p>\n<p style=\"margin-block: 0px 0.9rem; font-size: 16px; font-weight: 300; margin-bottom: 10px; color: rgb(0, 0, 0); font-family: Lato, Arial, sans-serif;\"><span style=\"color: rgb(60, 60, 59);\"><span style=\"font-family: Arial, serif;\"><span style=\"font-size: large;\">d) \u201efunkcjonalne\u201d pliki cookies, umo\u017cliwiaj\u0105ce \u201ezapami\u0119tanie\u201d wybranych przez u\u017cytkownika ustawie\u0144 i personalizacj\u0119 interfejsu u\u017cytkownika, np. w zakresie wybranego j\u0119zyka lub regionu, z kt\u00f3rego pochodzi u\u017cytkownik, rozmiaru czcionki, wygl\u0105du strony internetowej itp.;<\/span><\/span><\/span><\/p>\n<p style=\"margin-block: 0px 0.9rem; font-size: 16px; font-weight: 300; margin-bottom: 10px; color: rgb(0, 0, 0); font-family: Lato, Arial, sans-serif;\"><span style=\"color: rgb(60, 60, 59);\"><span style=\"font-family: Arial, serif;\"><span style=\"font-size: large;\">e) \u201ereklamowe\u201d pliki cookies, umo\u017cliwiaj\u0105ce dostarczanie u\u017cytkownikom tre\u015bci reklamowych bardziej dostosowanych do ich zainteresowa\u0144.<\/span><\/span><\/span><\/p>\n<p style=\"margin-block: 0px 0.9rem; font-size: 16px; font-weight: 300; margin-bottom: 10px; color: rgb(0, 0, 0); font-family: Lato, Arial, sans-serif;\"><span style=\"color: rgb(60, 60, 59);\"><span style=\"font-family: Arial, serif;\"><span style=\"font-size: large;\">20. U\u017cytkownik w ka\u017cdej chwili ma mo\u017cliwo\u015b\u0107 wy\u0142\u0105czenia lub przywr\u00f3cenia opcji gromadzenia cookies poprzez zmian\u0119 ustawie\u0144 w przegl\u0105darce internetowej. Instrukcja zarz\u0105dzania plikami cookies jest dost\u0119pna na stronie<\/span><\/span><\/span><\/p>\n<p style=\"margin-block: 0px 0.9rem; font-size: 16px; font-weight: 300; margin-bottom: 10px; color: rgb(0, 0, 0); font-family: Lato, Arial, sans-serif;\"><span style=\"font-family: &quot;Times New Roman&quot;, serif;\"><span style=\"font-size: medium;\"><span style=\"color: rgb(60, 60, 59);\"><span style=\"font-family: Arial, serif;\"><span style=\"font-size: large;\">http:\/\/www.allaboutcookies.org\/manage-cookies<\/span><\/span><\/span><\/span><\/span><\/p>\n<p style=\"margin-block: 0px 0.9rem; font-size: 16px; font-weight: 300; margin-bottom: 10px; font-family: Lato, Arial, sans-serif; color: rgb(0, 0, 0);\"><span style=\"font-family: &quot;Times New Roman&quot;, serif;\"><span style=\"font-size: medium;\"><span style=\"color: rgb(60, 60, 59);\"><span style=\"font-family: Arial, serif;\"><span style=\"font-size: large;\">21. Dodatkowe dane osobowe, jak adres e-mail, zbierane s\u0105 jedynie w miejscach, w kt\u00f3rych u\u017cytkownik wype\u0142niaj\u0105c formularz wyra\u017anie wyrazi\u0142 na to zgod\u0119. Powy\u017csze dane zachowujemy i wykorzystujemy tylko do potrzeb niezb\u0119dnych do wykonania danej funkcji.<\/span><\/span><\/span><\/span><\/span><\/p>\n<\/h2>\n<p><!-- \/wp:paragraph --><\/p>\t\t\t\t\t\t<\/div>\n\t\t\t\t<\/div>\n\t\t\t\t\t<\/div>\n\t\t\t\t<\/div>\n\t\t\t\t<\/div>\n\t\t","protected":false},"excerpt":{"rendered":"<p>\u00a7.1 Postanowienia Og\u00f3lne Administratorem danych jest Eldom Cieszyn Klocek sp. j. z siedzib\u0105 w 43-400 Cieszyn, ul. Paw\u0142a Stalmacha 10A, wpisana do KRS0000088138,&nbsp;NIP: 5480055698, REGON:&nbsp;070545469.&nbsp; Ochrona danych odbywa si\u0119 zgodnie z wymogami powszechnie obowi\u0105zuj\u0105cych przepis\u00f3w prawa, a ich przechowywanie ma miejsce na zabezpieczonych serwerach. Dla interpretacji termin\u00f3w stosuje si\u0119 s\u0142owniczek Regulaminu lub tak jak zosta\u0142o&#8230;<\/p>\n","protected":false},"author":1,"featured_media":0,"parent":0,"menu_order":0,"comment_status":"closed","ping_status":"closed","template":"","meta":{"footnotes":""},"class_list":["post-3","page","type-page","status-publish","hentry"],"_links":{"self":[{"href":"https:\/\/eldomcieszyn.pl\/index.php\/wp-json\/wp\/v2\/pages\/3","targetHints":{"allow":["GET"]}}],"collection":[{"href":"https:\/\/eldomcieszyn.pl\/index.php\/wp-json\/wp\/v2\/pages"}],"about":[{"href":"https:\/\/eldomcieszyn.pl\/index.php\/wp-json\/wp\/v2\/types\/page"}],"author":[{"embeddable":true,"href":"https:\/\/eldomcieszyn.pl\/index.php\/wp-json\/wp\/v2\/users\/1"}],"replies":[{"embeddable":true,"href":"https:\/\/eldomcieszyn.pl\/index.php\/wp-json\/wp\/v2\/comments?post=3"}],"version-history":[{"count":3,"href":"https:\/\/eldomcieszyn.pl\/index.php\/wp-json\/wp\/v2\/pages\/3\/revisions"}],"predecessor-version":[{"id":3722,"href":"https:\/\/eldomcieszyn.pl\/index.php\/wp-json\/wp\/v2\/pages\/3\/revisions\/3722"}],"wp:attachment":[{"href":"https:\/\/eldomcieszyn.pl\/index.php\/wp-json\/wp\/v2\/media?parent=3"}],"curies":[{"name":"wp","href":"https:\/\/api.w.org\/{rel}","templated":true}]}}